{"id":1326,"date":"2022-10-09T09:52:41","date_gmt":"2022-10-09T09:52:41","guid":{"rendered":"https:\/\/www.sfmevo.de\/?page_id=1326"},"modified":"2024-05-06T17:42:34","modified_gmt":"2024-05-06T17:42:34","slug":"projekt-management","status":"publish","type":"page","link":"https:\/\/www.sfmevo.de\/index.php\/projekt-management\/","title":{"rendered":"Projekt Management"},"content":{"rendered":"\t\t<div data-elementor-type=\"wp-page\" data-elementor-id=\"1326\" class=\"elementor elementor-1326\" data-elementor-post-type=\"page\">\n\t\t\t\t\t\t<section class=\"elementor-section elementor-top-section elementor-element elementor-element-1d6d7960 elementor-section-content-middle elementor-section-height-min-height elementor-section-items-top elementor-section-boxed elementor-section-height-default\" data-id=\"1d6d7960\" data-element_type=\"section\" data-e-type=\"section\">\n\t\t\t\t\t\t<div class=\"elementor-container elementor-column-gap-no\">\n\t\t\t\t\t<div class=\"elementor-column elementor-col-50 elementor-top-column elementor-element elementor-element-2f0c7ddd\" data-id=\"2f0c7ddd\" data-element_type=\"column\" data-e-type=\"column\">\n\t\t\t<div class=\"elementor-widget-wrap elementor-element-populated\">\n\t\t\t\t\t\t<div class=\"elementor-element elementor-element-63d33b29 elementor-widget elementor-widget-image\" data-id=\"63d33b29\" data-element_type=\"widget\" data-e-type=\"widget\" data-widget_type=\"image.default\">\n\t\t\t\t<div class=\"elementor-widget-container\">\n\t\t\t\t\t\t\t\t\t\t\t\t\t\t\t<img fetchpriority=\"high\" decoding=\"async\" width=\"1990\" height=\"1707\" src=\"https:\/\/www.sfmevo.de\/wp-content\/uploads\/2022\/09\/20220826_114622_0G1B8761-scaled-e1665310304506.jpg\" class=\"attachment-full size-full wp-image-48\" alt=\"\" srcset=\"https:\/\/www.sfmevo.de\/wp-content\/uploads\/2022\/09\/20220826_114622_0G1B8761-scaled-e1665310304506.jpg 1990w, https:\/\/www.sfmevo.de\/wp-content\/uploads\/2022\/09\/20220826_114622_0G1B8761-scaled-e1665310304506-300x257.jpg 300w, https:\/\/www.sfmevo.de\/wp-content\/uploads\/2022\/09\/20220826_114622_0G1B8761-scaled-e1665310304506-1024x878.jpg 1024w, https:\/\/www.sfmevo.de\/wp-content\/uploads\/2022\/09\/20220826_114622_0G1B8761-scaled-e1665310304506-768x659.jpg 768w, https:\/\/www.sfmevo.de\/wp-content\/uploads\/2022\/09\/20220826_114622_0G1B8761-scaled-e1665310304506-1536x1318.jpg 1536w\" sizes=\"(max-width: 1990px) 100vw, 1990px\" \/>\t\t\t\t\t\t\t\t\t\t\t\t\t\t\t<\/div>\n\t\t\t\t<\/div>\n\t\t\t\t\t<\/div>\n\t\t<\/div>\n\t\t\t\t<div class=\"elementor-column elementor-col-50 elementor-top-column elementor-element elementor-element-2a2e3999\" data-id=\"2a2e3999\" data-element_type=\"column\" data-e-type=\"column\">\n\t\t\t<div class=\"elementor-widget-wrap elementor-element-populated\">\n\t\t\t\t\t\t<div class=\"elementor-element elementor-element-5eb74cf elementor-widget elementor-widget-text-editor\" data-id=\"5eb74cf\" data-element_type=\"widget\" data-e-type=\"widget\" data-widget_type=\"text-editor.default\">\n\t\t\t\t<div class=\"elementor-widget-container\">\n\t\t\t\t\t\t\t\t\t<p><strong><span style=\"font-family: var( --e-global-typography-text-font-family ), Sans-serif;\">DIE L\u00d6SUNG<\/span><\/strong><\/p><p><span style=\"font-family: var( --e-global-typography-text-font-family ), Sans-serif;\">Mit SFMevo sind lange Wartezeiten bis zur Entscheidung, aufw\u00e4ndige Pr\u00e4sentationen und Projektverz\u00f6gerungen Vergangenheit. Projektmanagement mit dem Fokus auf kurzzyklische Abstimmungen zwischen allen Entscheidern und Stakeholdern.<\/span><\/p><p><strong>DIE BESONDERHEITEN<\/strong><\/p><p>Das Modul umfasst alles, was f\u00fcr ein erfolgreiches Projektmanagement notwendig ist. Angelehnt an die t\u00e4gliche Unternehmenssteuerung lassen sich Projekte im festgelegten Rhythmus agil besprechen, ohne Zusatzaufwand f\u00fcr die Projektleiter.<\/p><ul><li class=\"O1\">Individuelle KPI Gestaltung je nach Projekttyp<\/li><li class=\"O1\">Aufgabennachverfolgung<\/li><li class=\"O1\">Standardisierte Projektgates inklusive Freigaben durch Stakeholder<\/li><li class=\"O1\">Projektreporting inklusive Terminorganisation<\/li><\/ul>\t\t\t\t\t\t\t\t<\/div>\n\t\t\t\t<\/div>\n\t\t\t\t\t<\/div>\n\t\t<\/div>\n\t\t\t\t\t<\/div>\n\t\t<\/section>\n\t\t\t\t<section class=\"elementor-section elementor-top-section elementor-element elementor-element-6bc36872 elementor-section-content-middle elementor-section-boxed elementor-section-height-default elementor-section-height-default\" data-id=\"6bc36872\" data-element_type=\"section\" data-e-type=\"section\">\n\t\t\t\t\t\t<div class=\"elementor-container elementor-column-gap-no\">\n\t\t\t\t\t<div class=\"elementor-column elementor-col-33 elementor-top-column elementor-element elementor-element-6d0fff3f\" data-id=\"6d0fff3f\" data-element_type=\"column\" data-e-type=\"column\">\n\t\t\t<div class=\"elementor-widget-wrap elementor-element-populated\">\n\t\t\t\t\t\t<div class=\"elementor-element elementor-element-7e57cd14 elementor-widget elementor-widget-heading\" data-id=\"7e57cd14\" data-element_type=\"widget\" data-e-type=\"widget\" data-widget_type=\"heading.default\">\n\t\t\t\t<div class=\"elementor-widget-container\">\n\t\t\t\t\t<h4 class=\"elementor-heading-title elementor-size-default\">Status &amp; Grunddaten\n<\/h4>\t\t\t\t<\/div>\n\t\t\t\t<\/div>\n\t\t\t\t<div class=\"elementor-element elementor-element-3e320ae elementor-widget elementor-widget-text-editor\" data-id=\"3e320ae\" data-element_type=\"widget\" data-e-type=\"widget\" data-widget_type=\"text-editor.default\">\n\t\t\t\t<div class=\"elementor-widget-container\">\n\t\t\t\t\t\t\t\t\t<p>Im ersten Schritt wird der aktuelle Status als auch die Projektampel f\u00fcr Budget, Zeit, Qualit\u00e4t und Ressourcen dargestellt. Zus\u00e4tzlich werden alle Projektgrunddaten in einer kurzen \u00dcbersicht dargestellt.<\/p>\t\t\t\t\t\t\t\t<\/div>\n\t\t\t\t<\/div>\n\t\t\t\t\t<\/div>\n\t\t<\/div>\n\t\t\t\t<div class=\"elementor-column elementor-col-66 elementor-top-column elementor-element elementor-element-7e1857d3\" data-id=\"7e1857d3\" data-element_type=\"column\" data-e-type=\"column\">\n\t\t\t<div class=\"elementor-widget-wrap elementor-element-populated\">\n\t\t\t\t\t\t<div class=\"elementor-element elementor-element-4c9056ba elementor-widget elementor-widget-image\" data-id=\"4c9056ba\" data-element_type=\"widget\" data-e-type=\"widget\" data-widget_type=\"image.default\">\n\t\t\t\t<div class=\"elementor-widget-container\">\n\t\t\t\t\t\t\t\t\t\t\t\t\t\t\t<img decoding=\"async\" width=\"2518\" height=\"719\" src=\"https:\/\/www.sfmevo.de\/wp-content\/uploads\/2024\/05\/Status.png\" class=\"attachment-full size-full wp-image-1683\" alt=\"Projekt\u00fcbersicht und Status\" srcset=\"https:\/\/www.sfmevo.de\/wp-content\/uploads\/2024\/05\/Status.png 2518w, https:\/\/www.sfmevo.de\/wp-content\/uploads\/2024\/05\/Status-300x86.png 300w, https:\/\/www.sfmevo.de\/wp-content\/uploads\/2024\/05\/Status-1024x292.png 1024w, https:\/\/www.sfmevo.de\/wp-content\/uploads\/2024\/05\/Status-768x219.png 768w, https:\/\/www.sfmevo.de\/wp-content\/uploads\/2024\/05\/Status-1536x439.png 1536w, https:\/\/www.sfmevo.de\/wp-content\/uploads\/2024\/05\/Status-2048x585.png 2048w\" sizes=\"(max-width: 2518px) 100vw, 2518px\" \/>\t\t\t\t\t\t\t\t\t\t\t\t\t\t\t<\/div>\n\t\t\t\t<\/div>\n\t\t\t\t\t<\/div>\n\t\t<\/div>\n\t\t\t\t\t<\/div>\n\t\t<\/section>\n\t\t\t\t<section class=\"elementor-section elementor-top-section elementor-element elementor-element-44d2b1a7 elementor-section-content-middle elementor-section-boxed elementor-section-height-default elementor-section-height-default\" data-id=\"44d2b1a7\" data-element_type=\"section\" data-e-type=\"section\">\n\t\t\t\t\t\t<div class=\"elementor-container elementor-column-gap-no\">\n\t\t\t\t\t<div class=\"elementor-column elementor-col-50 elementor-top-column elementor-element elementor-element-1646dd26\" data-id=\"1646dd26\" data-element_type=\"column\" data-e-type=\"column\">\n\t\t\t<div class=\"elementor-widget-wrap elementor-element-populated\">\n\t\t\t\t\t\t<div class=\"elementor-element elementor-element-2c94aa2b elementor-widget elementor-widget-image\" data-id=\"2c94aa2b\" data-element_type=\"widget\" data-e-type=\"widget\" data-widget_type=\"image.default\">\n\t\t\t\t<div class=\"elementor-widget-container\">\n\t\t\t\t\t\t\t\t\t\t\t\t\t\t\t<img decoding=\"async\" width=\"1600\" height=\"643\" src=\"https:\/\/www.sfmevo.de\/wp-content\/uploads\/2024\/05\/Meilensteine.png\" class=\"attachment-full size-full wp-image-1684\" alt=\"Meilensteine\" srcset=\"https:\/\/www.sfmevo.de\/wp-content\/uploads\/2024\/05\/Meilensteine.png 1600w, https:\/\/www.sfmevo.de\/wp-content\/uploads\/2024\/05\/Meilensteine-300x121.png 300w, https:\/\/www.sfmevo.de\/wp-content\/uploads\/2024\/05\/Meilensteine-1024x412.png 1024w, https:\/\/www.sfmevo.de\/wp-content\/uploads\/2024\/05\/Meilensteine-768x309.png 768w, https:\/\/www.sfmevo.de\/wp-content\/uploads\/2024\/05\/Meilensteine-1536x617.png 1536w\" sizes=\"(max-width: 1600px) 100vw, 1600px\" \/>\t\t\t\t\t\t\t\t\t\t\t\t\t\t\t<\/div>\n\t\t\t\t<\/div>\n\t\t\t\t\t<\/div>\n\t\t<\/div>\n\t\t\t\t<div class=\"elementor-column elementor-col-50 elementor-top-column elementor-element elementor-element-6479d38a\" data-id=\"6479d38a\" data-element_type=\"column\" data-e-type=\"column\">\n\t\t\t<div class=\"elementor-widget-wrap elementor-element-populated\">\n\t\t\t\t\t\t<div class=\"elementor-element elementor-element-29afae72 elementor-widget elementor-widget-heading\" data-id=\"29afae72\" data-element_type=\"widget\" data-e-type=\"widget\" data-widget_type=\"heading.default\">\n\t\t\t\t<div class=\"elementor-widget-container\">\n\t\t\t\t\t<h4 class=\"elementor-heading-title elementor-size-default\">Meilensteine<\/h4>\t\t\t\t<\/div>\n\t\t\t\t<\/div>\n\t\t\t\t<div class=\"elementor-element elementor-element-3f9a8348 elementor-widget elementor-widget-text-editor\" data-id=\"3f9a8348\" data-element_type=\"widget\" data-e-type=\"widget\" data-widget_type=\"text-editor.default\">\n\t\t\t\t<div class=\"elementor-widget-container\">\n\t\t\t\t\t\t\t\t\t<p>Anschlie\u00dfend werden f\u00fcr den groben zeitlichen \u00dcberblick des Projekts die Meilensteine abgesprochen und Abweichungen diskutiert bzw. Gegenma\u00dfnahmen eingeleitet<\/p>\t\t\t\t\t\t\t\t<\/div>\n\t\t\t\t<\/div>\n\t\t\t\t\t<\/div>\n\t\t<\/div>\n\t\t\t\t\t<\/div>\n\t\t<\/section>\n\t\t\t\t<section class=\"elementor-section elementor-top-section elementor-element elementor-element-a395e7c elementor-section-content-middle elementor-section-boxed elementor-section-height-default elementor-section-height-default\" data-id=\"a395e7c\" data-element_type=\"section\" data-e-type=\"section\">\n\t\t\t\t\t\t<div class=\"elementor-container elementor-column-gap-no\">\n\t\t\t\t\t<div class=\"elementor-column elementor-col-66 elementor-top-column elementor-element elementor-element-1cf34d98\" data-id=\"1cf34d98\" data-element_type=\"column\" data-e-type=\"column\">\n\t\t\t<div class=\"elementor-widget-wrap elementor-element-populated\">\n\t\t\t\t\t\t<div class=\"elementor-element elementor-element-6ecfade9 elementor-widget elementor-widget-heading\" data-id=\"6ecfade9\" data-element_type=\"widget\" data-e-type=\"widget\" data-widget_type=\"heading.default\">\n\t\t\t\t<div class=\"elementor-widget-container\">\n\t\t\t\t\t<h4 class=\"elementor-heading-title elementor-size-default\">Aktivit\u00e4ten<\/h4>\t\t\t\t<\/div>\n\t\t\t\t<\/div>\n\t\t\t\t<div class=\"elementor-element elementor-element-2656fe01 elementor-widget elementor-widget-text-editor\" data-id=\"2656fe01\" data-element_type=\"widget\" data-e-type=\"widget\" data-widget_type=\"text-editor.default\">\n\t\t\t\t<div class=\"elementor-widget-container\">\n\t\t\t\t\t\t\t\t\t<p>Nach dem groben \u00dcberblick \u00fcber die Zeitschiene des Projekts werden durch den Projektleiter die aktuellen Aktivit\u00e4ten dargestellt \u2013 daf\u00fcr wird eine Funktion benutzt, die die Aktivit\u00e4ten analog einer Social Media Timeline darstellt genutzt \u2013 daf\u00fcr m\u00fcssen keine ausf\u00fchrlichen Pr\u00e4sentationen erstellt werden.<\/p>\t\t\t\t\t\t\t\t<\/div>\n\t\t\t\t<\/div>\n\t\t\t\t\t<\/div>\n\t\t<\/div>\n\t\t\t\t<div class=\"elementor-column elementor-col-33 elementor-top-column elementor-element elementor-element-21a0825d\" data-id=\"21a0825d\" data-element_type=\"column\" data-e-type=\"column\">\n\t\t\t<div class=\"elementor-widget-wrap elementor-element-populated\">\n\t\t\t\t\t\t<div class=\"elementor-element elementor-element-57923952 elementor-widget elementor-widget-image\" data-id=\"57923952\" data-element_type=\"widget\" data-e-type=\"widget\" data-widget_type=\"image.default\">\n\t\t\t\t<div class=\"elementor-widget-container\">\n\t\t\t\t\t\t\t\t\t\t\t\t\t\t\t<img loading=\"lazy\" decoding=\"async\" width=\"1000\" height=\"915\" src=\"https:\/\/www.sfmevo.de\/wp-content\/uploads\/2024\/05\/Aktivitaeten.png\" class=\"attachment-full size-full wp-image-1685\" alt=\"\" srcset=\"https:\/\/www.sfmevo.de\/wp-content\/uploads\/2024\/05\/Aktivitaeten.png 1000w, https:\/\/www.sfmevo.de\/wp-content\/uploads\/2024\/05\/Aktivitaeten-300x275.png 300w, https:\/\/www.sfmevo.de\/wp-content\/uploads\/2024\/05\/Aktivitaeten-768x703.png 768w\" sizes=\"(max-width: 1000px) 100vw, 1000px\" \/>\t\t\t\t\t\t\t\t\t\t\t\t\t\t\t<\/div>\n\t\t\t\t<\/div>\n\t\t\t\t\t<\/div>\n\t\t<\/div>\n\t\t\t\t\t<\/div>\n\t\t<\/section>\n\t\t\t\t<section class=\"elementor-section elementor-top-section elementor-element elementor-element-3caf299c elementor-section-content-middle elementor-section-boxed elementor-section-height-default elementor-section-height-default\" data-id=\"3caf299c\" data-element_type=\"section\" data-e-type=\"section\">\n\t\t\t\t\t\t<div class=\"elementor-container elementor-column-gap-no\">\n\t\t\t\t\t<div class=\"elementor-column elementor-col-66 elementor-top-column elementor-element elementor-element-7b82f670\" data-id=\"7b82f670\" data-element_type=\"column\" data-e-type=\"column\">\n\t\t\t<div class=\"elementor-widget-wrap elementor-element-populated\">\n\t\t\t\t\t\t<div class=\"elementor-element elementor-element-3bd2b64f elementor-widget elementor-widget-image\" data-id=\"3bd2b64f\" data-element_type=\"widget\" data-e-type=\"widget\" data-widget_type=\"image.default\">\n\t\t\t\t<div class=\"elementor-widget-container\">\n\t\t\t\t\t\t\t\t\t\t\t\t\t\t\t<img loading=\"lazy\" decoding=\"async\" width=\"2538\" height=\"812\" src=\"https:\/\/www.sfmevo.de\/wp-content\/uploads\/2024\/05\/Projektstruktut.png\" class=\"attachment-full size-full wp-image-1686\" alt=\"Projektstruktur\" srcset=\"https:\/\/www.sfmevo.de\/wp-content\/uploads\/2024\/05\/Projektstruktut.png 2538w, https:\/\/www.sfmevo.de\/wp-content\/uploads\/2024\/05\/Projektstruktut-300x96.png 300w, https:\/\/www.sfmevo.de\/wp-content\/uploads\/2024\/05\/Projektstruktut-1024x328.png 1024w, https:\/\/www.sfmevo.de\/wp-content\/uploads\/2024\/05\/Projektstruktut-768x246.png 768w, https:\/\/www.sfmevo.de\/wp-content\/uploads\/2024\/05\/Projektstruktut-1536x491.png 1536w, https:\/\/www.sfmevo.de\/wp-content\/uploads\/2024\/05\/Projektstruktut-2048x655.png 2048w\" sizes=\"(max-width: 2538px) 100vw, 2538px\" \/>\t\t\t\t\t\t\t\t\t\t\t\t\t\t\t<\/div>\n\t\t\t\t<\/div>\n\t\t\t\t\t<\/div>\n\t\t<\/div>\n\t\t\t\t<div class=\"elementor-column elementor-col-33 elementor-top-column elementor-element elementor-element-c1b80ad\" data-id=\"c1b80ad\" data-element_type=\"column\" data-e-type=\"column\">\n\t\t\t<div class=\"elementor-widget-wrap elementor-element-populated\">\n\t\t\t\t\t\t<div class=\"elementor-element elementor-element-41207049 elementor-widget elementor-widget-heading\" data-id=\"41207049\" data-element_type=\"widget\" data-e-type=\"widget\" data-widget_type=\"heading.default\">\n\t\t\t\t<div class=\"elementor-widget-container\">\n\t\t\t\t\t<h4 class=\"elementor-heading-title elementor-size-default\">Projektstruktur\n<\/h4>\t\t\t\t<\/div>\n\t\t\t\t<\/div>\n\t\t\t\t<div class=\"elementor-element elementor-element-6451a458 elementor-widget elementor-widget-text-editor\" data-id=\"6451a458\" data-element_type=\"widget\" data-e-type=\"widget\" data-widget_type=\"text-editor.default\">\n\t\t\t\t<div class=\"elementor-widget-container\">\n\t\t\t\t\t\t\t\t\t<p>Nun besteht noch die M\u00f6glichkeit in die detaillierte Zeitplanung und Projektstruktur einzutauchen. Sowohl die Meilensteine als auch die einzelnen Aufgaben in einer Gantt-\u00dcbersicht werden dargestellt.<\/p>\t\t\t\t\t\t\t\t<\/div>\n\t\t\t\t<\/div>\n\t\t\t\t\t<\/div>\n\t\t<\/div>\n\t\t\t\t\t<\/div>\n\t\t<\/section>\n\t\t\t\t<section class=\"elementor-section elementor-top-section elementor-element elementor-element-3d9f3a9 elementor-section-content-middle elementor-section-boxed elementor-section-height-default elementor-section-height-default\" data-id=\"3d9f3a9\" data-element_type=\"section\" data-e-type=\"section\">\n\t\t\t\t\t\t<div class=\"elementor-container elementor-column-gap-no\">\n\t\t\t\t\t<div class=\"elementor-column elementor-col-33 elementor-top-column elementor-element elementor-element-78bf2482\" data-id=\"78bf2482\" data-element_type=\"column\" data-e-type=\"column\">\n\t\t\t<div class=\"elementor-widget-wrap elementor-element-populated\">\n\t\t\t\t\t\t<div class=\"elementor-element elementor-element-2f1a24c1 elementor-widget elementor-widget-heading\" data-id=\"2f1a24c1\" data-element_type=\"widget\" data-e-type=\"widget\" data-widget_type=\"heading.default\">\n\t\t\t\t<div class=\"elementor-widget-container\">\n\t\t\t\t\t<h4 class=\"elementor-heading-title elementor-size-default\">Kennzahlen<\/h4>\t\t\t\t<\/div>\n\t\t\t\t<\/div>\n\t\t\t\t<div class=\"elementor-element elementor-element-5a4f1d3d elementor-widget elementor-widget-text-editor\" data-id=\"5a4f1d3d\" data-element_type=\"widget\" data-e-type=\"widget\" data-widget_type=\"text-editor.default\">\n\t\t\t\t<div class=\"elementor-widget-container\">\n\t\t\t\t\t\t\t\t\t<p>Die ausschlagegebenden Kennzahlen zur Steuerung des Projekts werden numerisch und in einem Diagramm inkl. zeitlichem Verlauf dargestellt.<\/p>\t\t\t\t\t\t\t\t<\/div>\n\t\t\t\t<\/div>\n\t\t\t\t\t<\/div>\n\t\t<\/div>\n\t\t\t\t<div class=\"elementor-column elementor-col-66 elementor-top-column elementor-element elementor-element-d1494d8\" data-id=\"d1494d8\" data-element_type=\"column\" data-e-type=\"column\">\n\t\t\t<div class=\"elementor-widget-wrap elementor-element-populated\">\n\t\t\t\t\t\t<div class=\"elementor-element elementor-element-20e5f9e7 elementor-widget elementor-widget-image\" data-id=\"20e5f9e7\" data-element_type=\"widget\" data-e-type=\"widget\" data-widget_type=\"image.default\">\n\t\t\t\t<div class=\"elementor-widget-container\">\n\t\t\t\t\t\t\t\t\t\t\t\t\t\t\t<img loading=\"lazy\" decoding=\"async\" width=\"2512\" height=\"976\" src=\"https:\/\/www.sfmevo.de\/wp-content\/uploads\/2024\/05\/KPI.png\" class=\"attachment-full size-full wp-image-1687\" alt=\"Kennzahlen\" srcset=\"https:\/\/www.sfmevo.de\/wp-content\/uploads\/2024\/05\/KPI.png 2512w, https:\/\/www.sfmevo.de\/wp-content\/uploads\/2024\/05\/KPI-300x117.png 300w, https:\/\/www.sfmevo.de\/wp-content\/uploads\/2024\/05\/KPI-1024x398.png 1024w, https:\/\/www.sfmevo.de\/wp-content\/uploads\/2024\/05\/KPI-768x298.png 768w, https:\/\/www.sfmevo.de\/wp-content\/uploads\/2024\/05\/KPI-1536x597.png 1536w, https:\/\/www.sfmevo.de\/wp-content\/uploads\/2024\/05\/KPI-2048x796.png 2048w\" sizes=\"(max-width: 2512px) 100vw, 2512px\" \/>\t\t\t\t\t\t\t\t\t\t\t\t\t\t\t<\/div>\n\t\t\t\t<\/div>\n\t\t\t\t\t<\/div>\n\t\t<\/div>\n\t\t\t\t\t<\/div>\n\t\t<\/section>\n\t\t\t\t<section class=\"elementor-section elementor-top-section elementor-element elementor-element-46ce97bf elementor-section-content-middle elementor-section-boxed elementor-section-height-default elementor-section-height-default\" data-id=\"46ce97bf\" data-element_type=\"section\" data-e-type=\"section\">\n\t\t\t\t\t\t<div class=\"elementor-container elementor-column-gap-no\">\n\t\t\t\t\t<div class=\"elementor-column elementor-col-33 elementor-top-column elementor-element elementor-element-2abc306d\" data-id=\"2abc306d\" data-element_type=\"column\" data-e-type=\"column\">\n\t\t\t<div class=\"elementor-widget-wrap elementor-element-populated\">\n\t\t\t\t\t\t<div class=\"elementor-element elementor-element-41e1c368 elementor-widget elementor-widget-image\" data-id=\"41e1c368\" data-element_type=\"widget\" data-e-type=\"widget\" data-widget_type=\"image.default\">\n\t\t\t\t<div class=\"elementor-widget-container\">\n\t\t\t\t\t\t\t\t\t\t\t\t\t\t\t<img loading=\"lazy\" decoding=\"async\" width=\"588\" height=\"606\" src=\"https:\/\/www.sfmevo.de\/wp-content\/uploads\/2024\/05\/PMO_Aufgaben.png\" class=\"attachment-full size-full wp-image-1688\" alt=\"Aufgabentracking\" srcset=\"https:\/\/www.sfmevo.de\/wp-content\/uploads\/2024\/05\/PMO_Aufgaben.png 588w, https:\/\/www.sfmevo.de\/wp-content\/uploads\/2024\/05\/PMO_Aufgaben-291x300.png 291w\" sizes=\"(max-width: 588px) 100vw, 588px\" \/>\t\t\t\t\t\t\t\t\t\t\t\t\t\t\t<\/div>\n\t\t\t\t<\/div>\n\t\t\t\t\t<\/div>\n\t\t<\/div>\n\t\t\t\t<div class=\"elementor-column elementor-col-66 elementor-top-column elementor-element elementor-element-75145711\" data-id=\"75145711\" data-element_type=\"column\" data-e-type=\"column\">\n\t\t\t<div class=\"elementor-widget-wrap elementor-element-populated\">\n\t\t\t\t\t\t<div class=\"elementor-element elementor-element-610b5ad1 elementor-widget elementor-widget-heading\" data-id=\"610b5ad1\" data-element_type=\"widget\" data-e-type=\"widget\" data-widget_type=\"heading.default\">\n\t\t\t\t<div class=\"elementor-widget-container\">\n\t\t\t\t\t<h4 class=\"elementor-heading-title elementor-size-default\">Aufgabentracking<\/h4>\t\t\t\t<\/div>\n\t\t\t\t<\/div>\n\t\t\t\t<div class=\"elementor-element elementor-element-43f92124 elementor-widget elementor-widget-text-editor\" data-id=\"43f92124\" data-element_type=\"widget\" data-e-type=\"widget\" data-widget_type=\"text-editor.default\">\n\t\t\t\t<div class=\"elementor-widget-container\">\n\t\t\t\t\t\t\t\t\t<p>W\u00e4hrend der Steuerkreismeetings werden anfallende Aufgaben durch ein PMO protokolliert und direkt in der \u00dcbersicht dargestellt.<\/p>\t\t\t\t\t\t\t\t<\/div>\n\t\t\t\t<\/div>\n\t\t\t\t\t<\/div>\n\t\t<\/div>\n\t\t\t\t\t<\/div>\n\t\t<\/section>\n\t\t\t\t<\/div>\n\t\t","protected":false},"excerpt":{"rendered":"<p>DIE L\u00d6SUNG Mit SFMevo sind lange Wartezeiten bis zur Entscheidung, aufw\u00e4ndige Pr\u00e4sentationen und Projektverz\u00f6gerungen Vergangenheit. Projektmanagement mit dem Fokus auf kurzzyklische Abstimmungen zwischen allen Entscheidern und Stakeholdern. DIE BESONDERHEITEN Das Modul umfasst alles, was f\u00fcr ein erfolgreiches Projektmanagement notwendig ist. Angelehnt an die t\u00e4gliche Unternehmenssteuerung lassen sich Projekte im festgelegten Rhythmus agil besprechen, ohne Zusatzaufwand [&hellip;]<\/p>\n","protected":false},"author":2,"featured_media":0,"parent":0,"menu_order":0,"comment_status":"closed","ping_status":"closed","template":"","meta":{"footnotes":""},"class_list":["post-1326","page","type-page","status-publish","hentry"],"_links":{"self":[{"href":"https:\/\/www.sfmevo.de\/index.php\/wp-json\/wp\/v2\/pages\/1326","targetHints":{"allow":["GET"]}}],"collection":[{"href":"https:\/\/www.sfmevo.de\/index.php\/wp-json\/wp\/v2\/pages"}],"about":[{"href":"https:\/\/www.sfmevo.de\/index.php\/wp-json\/wp\/v2\/types\/page"}],"author":[{"embeddable":true,"href":"https:\/\/www.sfmevo.de\/index.php\/wp-json\/wp\/v2\/users\/2"}],"replies":[{"embeddable":true,"href":"https:\/\/www.sfmevo.de\/index.php\/wp-json\/wp\/v2\/comments?post=1326"}],"version-history":[{"count":14,"href":"https:\/\/www.sfmevo.de\/index.php\/wp-json\/wp\/v2\/pages\/1326\/revisions"}],"predecessor-version":[{"id":1699,"href":"https:\/\/www.sfmevo.de\/index.php\/wp-json\/wp\/v2\/pages\/1326\/revisions\/1699"}],"wp:attachment":[{"href":"https:\/\/www.sfmevo.de\/index.php\/wp-json\/wp\/v2\/media?parent=1326"}],"curies":[{"name":"wp","href":"https:\/\/api.w.org\/{rel}","templated":true}]}}